{"id":4305,"date":"2025-08-12T09:39:40","date_gmt":"2025-08-12T09:39:40","guid":{"rendered":"https:\/\/pictografica.es\/?page_id=4305"},"modified":"2025-08-12T10:26:39","modified_gmt":"2025-08-12T10:26:39","slug":"roll-ups-publicitarios","status":"publish","type":"page","link":"https:\/\/pictografica.es\/en\/roll-ups-publicitarios\/","title":{"rendered":"Roll Ups"},"content":{"rendered":"<div data-elementor-type=\"wp-page\" data-elementor-id=\"4305\" class=\"elementor elementor-4305\" data-elementor-post-type=\"page\">\n\t\t\t\t<div class=\"elementor-element elementor-element-e86761f e-con-full e-flex e-con e-parent\" data-id=\"e86761f\" data-element_type=\"container\">\n\t\t<div class=\"elementor-element elementor-element-5924fe4 e-con-full e-flex e-con e-child\" data-id=\"5924fe4\" data-element_type=\"container\">\n\t\t\t\t<div class=\"elementor-element elementor-element-8a25579 elementor-widget elementor-widget-text-editor\" data-id=\"8a25579\" data-element_type=\"widget\" data-widget_type=\"text-editor.default\">\n\t\t\t\t<div class=\"elementor-widget-container\">\n\t\t\t\t\t\t\t\t\t<p style=\"text-align: center;\"><span>Los Roll Up son una excelente herramienta para<\/span><br \/><span>exhibir tu marca o producto en ferias, eventos, presentaciones en Tenerife y m\u00e1s.<\/span><br \/><span>Son f\u00e1ciles de armar, port\u00e1tiles y pueden personalizarse como quieras.<\/span><\/p>\t\t\t\t\t\t\t\t<\/div>\n\t\t\t\t<\/div>\n\t\t<div class=\"elementor-element elementor-element-83c0673 e-con-full e-flex e-con e-child\" data-id=\"83c0673\" data-element_type=\"container\">\n\t\t\t\t<div class=\"elementor-element elementor-element-842b9a0 elementor-widget elementor-widget-image\" data-id=\"842b9a0\" data-element_type=\"widget\" data-widget_type=\"image.default\">\n\t\t\t\t<div class=\"elementor-widget-container\">\n\t\t\t\t\t\t\t\t\t\t\t\t\t\t\t<img fetchpriority=\"high\" decoding=\"async\" width=\"750\" height=\"700\" src=\"https:\/\/pictografica.es\/wp-content\/uploads\/2023\/10\/katbild_rollup_budget-1024x956.jpeg\" class=\"attachment-large size-large wp-image-1681\" alt=\"\" srcset=\"https:\/\/pictografica.es\/wp-content\/uploads\/2023\/10\/katbild_rollup_budget-1024x956.jpeg 1024w, https:\/\/pictografica.es\/wp-content\/uploads\/2023\/10\/katbild_rollup_budget-300x280.jpeg 300w, https:\/\/pictografica.es\/wp-content\/uploads\/2023\/10\/katbild_rollup_budget-768x717.jpeg 768w, https:\/\/pictografica.es\/wp-content\/uploads\/2023\/10\/katbild_rollup_budget-1536x1434.jpeg 1536w, https:\/\/pictografica.es\/wp-content\/uploads\/2023\/10\/katbild_rollup_budget-600x560.jpeg 600w, https:\/\/pictografica.es\/wp-content\/uploads\/2023\/10\/katbild_rollup_budget.jpeg 1598w\" sizes=\"(max-width: 750px) 100vw, 750px\" \/>\t\t\t\t\t\t\t\t\t\t\t\t\t\t\t<\/div>\n\t\t\t\t<\/div>\n\t\t\t\t<div class=\"elementor-element elementor-element-4d0c389 elementor-widget elementor-widget-image\" data-id=\"4d0c389\" data-element_type=\"widget\" data-widget_type=\"image.default\">\n\t\t\t\t<div class=\"elementor-widget-container\">\n\t\t\t\t\t\t\t\t\t\t\t\t\t\t\t<img decoding=\"async\" width=\"750\" height=\"677\" src=\"https:\/\/pictografica.es\/wp-content\/uploads\/2023\/10\/katbild_rollup_exklusiv-1024x925.jpeg\" class=\"attachment-large size-large wp-image-1680\" alt=\"\" srcset=\"https:\/\/pictografica.es\/wp-content\/uploads\/2023\/10\/katbild_rollup_exklusiv-1024x925.jpeg 1024w, https:\/\/pictografica.es\/wp-content\/uploads\/2023\/10\/katbild_rollup_exklusiv-300x271.jpeg 300w, https:\/\/pictografica.es\/wp-content\/uploads\/2023\/10\/katbild_rollup_exklusiv-768x694.jpeg 768w, https:\/\/pictografica.es\/wp-content\/uploads\/2023\/10\/katbild_rollup_exklusiv-1536x1387.jpeg 1536w, https:\/\/pictografica.es\/wp-content\/uploads\/2023\/10\/katbild_rollup_exklusiv-600x542.jpeg 600w, https:\/\/pictografica.es\/wp-content\/uploads\/2023\/10\/katbild_rollup_exklusiv.jpeg 1652w\" sizes=\"(max-width: 750px) 100vw, 750px\" \/>\t\t\t\t\t\t\t\t\t\t\t\t\t\t\t<\/div>\n\t\t\t\t<\/div>\n\t\t\t\t<div class=\"elementor-element elementor-element-17fd31b elementor-widget elementor-widget-image\" data-id=\"17fd31b\" data-element_type=\"widget\" data-widget_type=\"image.default\">\n\t\t\t\t<div class=\"elementor-widget-container\">\n\t\t\t\t\t\t\t\t\t\t\t\t\t\t\t<img decoding=\"async\" width=\"750\" height=\"750\" src=\"https:\/\/pictografica.es\/wp-content\/uploads\/2023\/10\/katbild_rollup_outdoor-1024x1024.jpeg\" class=\"attachment-large size-large wp-image-1682\" alt=\"\" srcset=\"https:\/\/pictografica.es\/wp-content\/uploads\/2023\/10\/katbild_rollup_outdoor-1024x1024.jpeg 1024w, https:\/\/pictografica.es\/wp-content\/uploads\/2023\/10\/katbild_rollup_outdoor-300x300.jpeg 300w, https:\/\/pictografica.es\/wp-content\/uploads\/2023\/10\/katbild_rollup_outdoor-150x150.jpeg 150w, https:\/\/pictografica.es\/wp-content\/uploads\/2023\/10\/katbild_rollup_outdoor-768x768.jpeg 768w, https:\/\/pictografica.es\/wp-content\/uploads\/2023\/10\/katbild_rollup_outdoor-600x600.jpeg 600w, https:\/\/pictografica.es\/wp-content\/uploads\/2023\/10\/katbild_rollup_outdoor-160x160.jpeg 160w, https:\/\/pictografica.es\/wp-content\/uploads\/2023\/10\/katbild_rollup_outdoor.jpeg 1492w\" sizes=\"(max-width: 750px) 100vw, 750px\" \/>\t\t\t\t\t\t\t\t\t\t\t\t\t\t\t<\/div>\n\t\t\t\t<\/div>\n\t\t\t\t<\/div>\n\t\t\t\t<\/div>\n\t\t\t\t<div class=\"elementor-element elementor-element-63d2510 elementor-widget elementor-widget-text-editor\" data-id=\"63d2510\" data-element_type=\"widget\" data-widget_type=\"text-editor.default\">\n\t\t\t\t<div class=\"elementor-widget-container\">\n\t\t\t\t\t\t\t\t\t<p style=\"text-align: center;\"><span>Todos nuestros Roll Up\u00a0<\/span><em><strong>incluyen un forro protector de alta calidad<\/strong><\/em><span><\/span><br \/><span>para protegerlos durante el transporte de forma gratuita.<\/span><\/p>\t\t\t\t\t\t\t\t<\/div>\n\t\t\t\t<\/div>\n\t\t\t\t<\/div>\n\t\t<div class=\"elementor-element elementor-element-4e0a7de2 e-flex e-con-boxed e-con e-parent\" data-id=\"4e0a7de2\" data-element_type=\"container\">\n\t\t\t\t\t<div class=\"e-con-inner\">\n\t\t\t\t<div class=\"elementor-element elementor-element-82f6e37 elementor-align-justify elementor-widget__width-initial elementor-widget elementor-widget-button\" data-id=\"82f6e37\" data-element_type=\"widget\" data-widget_type=\"button.default\">\n\t\t\t\t<div class=\"elementor-widget-container\">\n\t\t\t\t\t\t\t\t\t<div class=\"elementor-button-wrapper\">\n\t\t\t\t\t<a class=\"elementor-button elementor-button-link elementor-size-sm\" href=\"https:\/\/pictografica.es\/en\/product\/roll-up-publicitarios\/\">\n\t\t\t\t\t\t<span class=\"elementor-button-content-wrapper\">\n\t\t\t\t\t\t\t\t\t<span class=\"elementor-button-text\">Ver Producto<\/span>\n\t\t\t\t\t<\/span>\n\t\t\t\t\t<\/a>\n\t\t\t\t<\/div>\n\t\t\t\t\t\t\t\t<\/div>\n\t\t\t\t<\/div>\n\t\t\t\t\t<\/div>\n\t\t\t\t<\/div>\n\t\t<div class=\"elementor-element elementor-element-86ce2c5 e-flex e-con-boxed e-con e-parent\" data-id=\"86ce2c5\" data-element_type=\"container\">\n\t\t\t\t\t<div class=\"e-con-inner\">\n\t\t\t\t<div class=\"elementor-element elementor-element-417e8ad3 elementor-widget elementor-widget-heading\" data-id=\"417e8ad3\" data-element_type=\"widget\" data-widget_type=\"heading.default\">\n\t\t\t\t<div class=\"elementor-widget-container\">\n\t\t\t\t\t<h2 class=\"elementor-heading-title elementor-size-default\">TRANSPORTE<\/h2>\t\t\t\t<\/div>\n\t\t\t\t<\/div>\n\t\t\t\t<div class=\"elementor-element elementor-element-20610daa elementor-widget elementor-widget-text-editor\" data-id=\"20610daa\" data-element_type=\"widget\" data-widget_type=\"text-editor.default\">\n\t\t\t\t<div class=\"elementor-widget-container\">\n\t\t\t\t\t\t\t\t\t<p><span>Si necesitas transportar tu roll up de forma f\u00e1cil y segura, el forro para el<\/span><br \/><span>roll up es la soluci\u00f3n ideal. Este accesorio est\u00e1 dise\u00f1ado para proteger y<\/span><br \/><span>llevar tu roll up a donde quieras sin preocuparte por da\u00f1arlo.<\/span><\/p>\t\t\t\t\t\t\t\t<\/div>\n\t\t\t\t<\/div>\n\t\t\t\t\t<\/div>\n\t\t\t\t<\/div>\n\t\t<div class=\"elementor-element elementor-element-3b6e44de e-flex e-con-boxed e-con e-parent\" data-id=\"3b6e44de\" data-element_type=\"container\">\n\t\t\t\t\t<div class=\"e-con-inner\">\n\t\t\t\t<div class=\"elementor-element elementor-element-18c7f6f elementor-widget elementor-widget-image\" data-id=\"18c7f6f\" data-element_type=\"widget\" data-widget_type=\"image.default\">\n\t\t\t\t<div class=\"elementor-widget-container\">\n\t\t\t\t\t\t\t\t\t\t\t\t\t\t\t<img loading=\"lazy\" decoding=\"async\" width=\"750\" height=\"524\" src=\"https:\/\/pictografica.es\/wp-content\/uploads\/2023\/10\/Forro-RollUp-Tenerife-1024x716.jpg\" class=\"attachment-large size-large wp-image-1683\" alt=\"\" srcset=\"https:\/\/pictografica.es\/wp-content\/uploads\/2023\/10\/Forro-RollUp-Tenerife-1024x716.jpg 1024w, https:\/\/pictografica.es\/wp-content\/uploads\/2023\/10\/Forro-RollUp-Tenerife-300x210.jpg 300w, https:\/\/pictografica.es\/wp-content\/uploads\/2023\/10\/Forro-RollUp-Tenerife-768x537.jpg 768w, https:\/\/pictografica.es\/wp-content\/uploads\/2023\/10\/Forro-RollUp-Tenerife-600x420.jpg 600w, https:\/\/pictografica.es\/wp-content\/uploads\/2023\/10\/Forro-RollUp-Tenerife.jpg 1135w\" sizes=\"(max-width: 750px) 100vw, 750px\" \/>\t\t\t\t\t\t\t\t\t\t\t\t\t\t\t<\/div>\n\t\t\t\t<\/div>\n\t\t\t\t<div class=\"elementor-element elementor-element-2a1988d elementor-align-justify elementor-widget__width-initial elementor-widget elementor-widget-button\" data-id=\"2a1988d\" data-element_type=\"widget\" data-widget_type=\"button.default\">\n\t\t\t\t<div class=\"elementor-widget-container\">\n\t\t\t\t\t\t\t\t\t<div class=\"elementor-button-wrapper\">\n\t\t\t\t\t<a class=\"elementor-button elementor-button-link elementor-size-sm\" href=\"https:\/\/pictografica.es\/en\/product\/roll-up-publicitarios\/\">\n\t\t\t\t\t\t<span class=\"elementor-button-content-wrapper\">\n\t\t\t\t\t\t\t\t\t<span class=\"elementor-button-text\">Ver Producto<\/span>\n\t\t\t\t\t<\/span>\n\t\t\t\t\t<\/a>\n\t\t\t\t<\/div>\n\t\t\t\t\t\t\t\t<\/div>\n\t\t\t\t<\/div>\n\t\t\t\t\t<\/div>\n\t\t\t\t<\/div>\n\t\t<div class=\"elementor-element elementor-element-2262218 e-con-full e-flex e-con e-parent\" data-id=\"2262218\" data-element_type=\"container\">\n\t\t<div class=\"elementor-element elementor-element-a6f997d e-con-full e-flex e-con e-child\" data-id=\"a6f997d\" data-element_type=\"container\">\n\t\t\t\t<div class=\"elementor-element elementor-element-cf063c9 elementor-widget-divider--separator-type-pattern elementor-widget-divider--view-line elementor-widget elementor-widget-divider\" data-id=\"cf063c9\" data-element_type=\"widget\" data-widget_type=\"divider.default\">\n\t\t\t\t<div class=\"elementor-widget-container\">\n\t\t\t\t\t\t\t<div class=\"elementor-divider\" style=\"--divider-pattern-url: url(&quot;data:image\/svg+xml,%3Csvg xmlns=&#039;http:\/\/www.w3.org\/2000\/svg&#039; preserveAspectRatio=&#039;none&#039; overflow=&#039;visible&#039; height=&#039;100%&#039; viewBox=&#039;0 0 24 24&#039; fill=&#039;black&#039; stroke=&#039;none&#039;%3E%3Cpath d=&#039;M12.7,2.3c-0.4-0.4-1.1-0.4-1.5,0l-8,9.1c-0.3,0.4-0.3,0.9,0,1.2l8,9.1c0.4,0.4,1.1,0.4,1.5,0l8-9.1c0.3-0.4,0.3-0.9,0-1.2L12.7,2.3z&#039;\/%3E%3C\/svg%3E&quot;);\">\n\t\t\t<span class=\"elementor-divider-separator\">\n\t\t\t\t\t\t<\/span>\n\t\t<\/div>\n\t\t\t\t\t\t<\/div>\n\t\t\t\t<\/div>\n\t\t\t\t<div class=\"elementor-element elementor-element-4644845 elementor-widget elementor-widget-heading\" data-id=\"4644845\" data-element_type=\"widget\" data-widget_type=\"heading.default\">\n\t\t\t\t<div class=\"elementor-widget-container\">\n\t\t\t\t\t<h2 class=\"elementor-heading-title elementor-size-default\">FREQUENTLY ASKED QUESTIONS<\/h2>\t\t\t\t<\/div>\n\t\t\t\t<\/div>\n\t\t\t\t<div class=\"elementor-element elementor-element-5cbbe1a elementor-widget elementor-widget-accordion\" data-id=\"5cbbe1a\" data-element_type=\"widget\" data-widget_type=\"accordion.default\">\n\t\t\t\t<div class=\"elementor-widget-container\">\n\t\t\t\t\t\t\t<div class=\"elementor-accordion\">\n\t\t\t\t\t\t\t<div class=\"elementor-accordion-item\">\n\t\t\t\t\t<div id=\"elementor-tab-title-9721\" class=\"elementor-tab-title\" data-tab=\"1\" role=\"button\" aria-controls=\"elementor-tab-content-9721\" aria-expanded=\"false\">\n\t\t\t\t\t\t\t\t\t\t\t\t\t<span class=\"elementor-accordion-icon elementor-accordion-icon-left\" aria-hidden=\"true\">\n\t\t\t\t\t\t\t\t\t\t\t\t\t\t\t<span class=\"elementor-accordion-icon-closed\"><i class=\"fas fa-plus\"><\/i><\/span>\n\t\t\t\t\t\t\t\t<span class=\"elementor-accordion-icon-opened\"><i class=\"fas fa-minus\"><\/i><\/span>\n\t\t\t\t\t\t\t\t\t\t\t\t\t\t<\/span>\n\t\t\t\t\t\t\t\t\t\t\t\t<a class=\"elementor-accordion-title\" tabindex=\"0\">\u00bfCu\u00e1l es el costo aproximado de un roll up impreso en Tenerife?<\/a>\n\t\t\t\t\t<\/div>\n\t\t\t\t\t<div id=\"elementor-tab-content-9721\" class=\"elementor-tab-content elementor-clearfix\" data-tab=\"1\" role=\"region\" aria-labelledby=\"elementor-tab-title-9721\"><p><span>El precio puede variar seg\u00fan el tama\u00f1o, la calidad de impresi\u00f3n y los materiales utilizados en la fabricaci\u00f3n del roll up. Cont\u00e1ctanos para obtener un presupuesto personalizado en Tenerife, donde consideraremos tus necesidades espec\u00edficas y te proporcionaremos una cotizaci\u00f3n precisa.<\/span><\/p><\/div>\n\t\t\t\t<\/div>\n\t\t\t\t\t\t\t<div class=\"elementor-accordion-item\">\n\t\t\t\t\t<div id=\"elementor-tab-title-9722\" class=\"elementor-tab-title\" data-tab=\"2\" role=\"button\" aria-controls=\"elementor-tab-content-9722\" aria-expanded=\"false\">\n\t\t\t\t\t\t\t\t\t\t\t\t\t<span class=\"elementor-accordion-icon elementor-accordion-icon-left\" aria-hidden=\"true\">\n\t\t\t\t\t\t\t\t\t\t\t\t\t\t\t<span class=\"elementor-accordion-icon-closed\"><i class=\"fas fa-plus\"><\/i><\/span>\n\t\t\t\t\t\t\t\t<span class=\"elementor-accordion-icon-opened\"><i class=\"fas fa-minus\"><\/i><\/span>\n\t\t\t\t\t\t\t\t\t\t\t\t\t\t<\/span>\n\t\t\t\t\t\t\t\t\t\t\t\t<a class=\"elementor-accordion-title\" tabindex=\"0\">\u00bfPuedo solicitar dise\u00f1os personalizados para mi roll up impreso en Tenerife?<\/a>\n\t\t\t\t\t<\/div>\n\t\t\t\t\t<div id=\"elementor-tab-content-9722\" class=\"elementor-tab-content elementor-clearfix\" data-tab=\"2\" role=\"region\" aria-labelledby=\"elementor-tab-title-9722\"><p><span>Absolutamente, ofrecemos servicios de dise\u00f1o personalizado que te permiten crear un roll up \u00fanico y llamativo que se adapte perfectamente a tu marca y mensaje. Nuestro equipo trabajar\u00e1 contigo para transformar tus ideas en realidad en Tenerife.<\/span><\/p><\/div>\n\t\t\t\t<\/div>\n\t\t\t\t\t\t\t<div class=\"elementor-accordion-item\">\n\t\t\t\t\t<div id=\"elementor-tab-title-9723\" class=\"elementor-tab-title\" data-tab=\"3\" role=\"button\" aria-controls=\"elementor-tab-content-9723\" aria-expanded=\"false\">\n\t\t\t\t\t\t\t\t\t\t\t\t\t<span class=\"elementor-accordion-icon elementor-accordion-icon-left\" aria-hidden=\"true\">\n\t\t\t\t\t\t\t\t\t\t\t\t\t\t\t<span class=\"elementor-accordion-icon-closed\"><i class=\"fas fa-plus\"><\/i><\/span>\n\t\t\t\t\t\t\t\t<span class=\"elementor-accordion-icon-opened\"><i class=\"fas fa-minus\"><\/i><\/span>\n\t\t\t\t\t\t\t\t\t\t\t\t\t\t<\/span>\n\t\t\t\t\t\t\t\t\t\t\t\t<a class=\"elementor-accordion-title\" tabindex=\"0\">\u00bfQu\u00e9 opciones de tama\u00f1o y formato est\u00e1n disponibles para los roll ups impresos en Tenerife?<\/a>\n\t\t\t\t\t<\/div>\n\t\t\t\t\t<div id=\"elementor-tab-content-9723\" class=\"elementor-tab-content elementor-clearfix\" data-tab=\"3\" role=\"region\" aria-labelledby=\"elementor-tab-title-9723\"><p><span>Los roll ups pueden estar disponibles en una variedad de tama\u00f1os est\u00e1ndar y formatos personalizados para satisfacer tus necesidades espec\u00edficas de exhibici\u00f3n en Tenerife. Desde modelos compactos y port\u00e1tiles hasta opciones m\u00e1s grandes y llamativas, podemos ayudarte a elegir el tama\u00f1o adecuado para tu prop\u00f3sito.<\/span><\/p><\/div>\n\t\t\t\t<\/div>\n\t\t\t\t\t\t\t<div class=\"elementor-accordion-item\">\n\t\t\t\t\t<div id=\"elementor-tab-title-9724\" class=\"elementor-tab-title\" data-tab=\"4\" role=\"button\" aria-controls=\"elementor-tab-content-9724\" aria-expanded=\"false\">\n\t\t\t\t\t\t\t\t\t\t\t\t\t<span class=\"elementor-accordion-icon elementor-accordion-icon-left\" aria-hidden=\"true\">\n\t\t\t\t\t\t\t\t\t\t\t\t\t\t\t<span class=\"elementor-accordion-icon-closed\"><i class=\"fas fa-plus\"><\/i><\/span>\n\t\t\t\t\t\t\t\t<span class=\"elementor-accordion-icon-opened\"><i class=\"fas fa-minus\"><\/i><\/span>\n\t\t\t\t\t\t\t\t\t\t\t\t\t\t<\/span>\n\t\t\t\t\t\t\t\t\t\t\t\t<a class=\"elementor-accordion-title\" tabindex=\"0\">\u00bfD\u00f3nde se pueden utilizar los roll ups impresos en Tenerife?<\/a>\n\t\t\t\t\t<\/div>\n\t\t\t\t\t<div id=\"elementor-tab-content-9724\" class=\"elementor-tab-content elementor-clearfix\" data-tab=\"4\" role=\"region\" aria-labelledby=\"elementor-tab-title-9724\"><p><span>Los roll ups impresos son ideales para una amplia gama de aplicaciones en Tenerife, incluidas ferias comerciales, eventos corporativos, exposiciones, presentaciones de productos, puntos de venta y m\u00e1s. Son altamente port\u00e1tiles y pueden ser colocados estrat\u00e9gicamente para maximizar la visibilidad de tu marca en diversos entornos.<\/span><\/p><\/div>\n\t\t\t\t<\/div>\n\t\t\t\t\t\t\t<div class=\"elementor-accordion-item\">\n\t\t\t\t\t<div id=\"elementor-tab-title-9725\" class=\"elementor-tab-title\" data-tab=\"5\" role=\"button\" aria-controls=\"elementor-tab-content-9725\" aria-expanded=\"false\">\n\t\t\t\t\t\t\t\t\t\t\t\t\t<span class=\"elementor-accordion-icon elementor-accordion-icon-left\" aria-hidden=\"true\">\n\t\t\t\t\t\t\t\t\t\t\t\t\t\t\t<span class=\"elementor-accordion-icon-closed\"><i class=\"fas fa-plus\"><\/i><\/span>\n\t\t\t\t\t\t\t\t<span class=\"elementor-accordion-icon-opened\"><i class=\"fas fa-minus\"><\/i><\/span>\n\t\t\t\t\t\t\t\t\t\t\t\t\t\t<\/span>\n\t\t\t\t\t\t\t\t\t\t\t\t<a class=\"elementor-accordion-title\" tabindex=\"0\">\u00bfCu\u00e1l es el tiempo de producci\u00f3n t\u00edpico para un roll up impreso en Tenerife?<\/a>\n\t\t\t\t\t<\/div>\n\t\t\t\t\t<div id=\"elementor-tab-content-9725\" class=\"elementor-tab-content elementor-clearfix\" data-tab=\"5\" role=\"region\" aria-labelledby=\"elementor-tab-title-9725\"><p><span>El tiempo de producci\u00f3n puede variar dependiendo de la complejidad del dise\u00f1o, la cantidad de roll ups solicitados y la carga de trabajo actual. Sin embargo, en general, podemos garantizar un tiempo de producci\u00f3n r\u00e1pido y eficiente en Tenerife, con la mayor\u00eda de los proyectos completados en unos pocos d\u00edas h\u00e1biles desde la aprobaci\u00f3n del dise\u00f1o hasta la entrega final.<\/span><\/p><\/div>\n\t\t\t\t<\/div>\n\t\t\t\t\t\t\t\t<\/div>\n\t\t\t\t\t\t<\/div>\n\t\t\t\t<\/div>\n\t\t\t\t<\/div>\n\t\t\t\t<\/div>\n\t\t\t\t<\/div>","protected":false},"excerpt":{"rendered":"<p>Los Roll Up son una excelente herramienta paraexhibir tu marca o producto en ferias, eventos, presentaciones en Tenerife y m\u00e1s.Son f\u00e1ciles de armar, port\u00e1tiles y pueden personalizarse como quieras. Todos nuestros Roll Up\u00a0incluyen un forro protector de alta calidadpara protegerlos durante el transporte de forma gratuita. Ver Producto TRANSPORTE Si [&hellip;]<\/p>","protected":false},"author":2,"featured_media":0,"parent":0,"menu_order":0,"comment_status":"closed","ping_status":"closed","template":"","meta":{"inline_featured_image":false,"_joinchat":[],"footnotes":""},"class_list":["post-4305","page","type-page","status-publish","hentry"],"_links":{"self":[{"href":"https:\/\/pictografica.es\/en\/wp-json\/wp\/v2\/pages\/4305","targetHints":{"allow":["GET"]}}],"collection":[{"href":"https:\/\/pictografica.es\/en\/wp-json\/wp\/v2\/pages"}],"about":[{"href":"https:\/\/pictografica.es\/en\/wp-json\/wp\/v2\/types\/page"}],"author":[{"embeddable":true,"href":"https:\/\/pictografica.es\/en\/wp-json\/wp\/v2\/users\/2"}],"replies":[{"embeddable":true,"href":"https:\/\/pictografica.es\/en\/wp-json\/wp\/v2\/comments?post=4305"}],"version-history":[{"count":41,"href":"https:\/\/pictografica.es\/en\/wp-json\/wp\/v2\/pages\/4305\/revisions"}],"predecessor-version":[{"id":4358,"href":"https:\/\/pictografica.es\/en\/wp-json\/wp\/v2\/pages\/4305\/revisions\/4358"}],"wp:attachment":[{"href":"https:\/\/pictografica.es\/en\/wp-json\/wp\/v2\/media?parent=4305"}],"curies":[{"name":"wp","href":"https:\/\/api.w.org\/{rel}","templated":true}]}}