{"id":117,"date":"2022-03-16T22:46:23","date_gmt":"2022-03-16T22:46:23","guid":{"rendered":"https:\/\/pictografica.es\/?post_type=product&#038;p=117"},"modified":"2025-05-13T20:11:19","modified_gmt":"2025-05-13T20:11:19","slug":"tripticos","status":"publish","type":"product","link":"https:\/\/pictografica.es\/en\/product\/tripticos\/","title":{"rendered":"Leaflets"},"content":{"rendered":"<h3>Tr\u00edpticos Tenerife<\/h3>\r\n<span>Un tr\u00edptico es una herramienta de marketing altamente efectiva para presentar informaci\u00f3n sobre tu empresa, producto o servicio en Tenerife. Este formato de documento impreso consta de tres paneles o secciones, y permite agregar una gran cantidad de informaci\u00f3n de manera organizada y visualmente atractiva. <\/span>\r\n\r\n<span>Los tr\u00edpticos son f\u00e1ciles de guardar y transportar, ya que se pliegan en un formato compacto que se puede guardar en una carpeta o bolsa. Adem\u00e1s, puedes dise\u00f1arlos de manera creativa y personalizada para reflejar la identidad de tu empresa y promocionar tus productos o servicios de manera efectiva. <\/span>\r\n\r\n<span>En Tenerife, si est\u00e1s buscando una forma pr\u00e1ctica y efectiva de presentar informaci\u00f3n sobre tu empresa, un tr\u00edptico puede ser la soluci\u00f3n ideal para captar la atenci\u00f3n de tus clientes y destacar entre la competencia.<\/span>\r\n\r\n<a href=\"https:\/\/pictografica.es\/en\/diseno-grafico\/\"><img decoding=\"async\" src=\"https:\/\/pictografica.es\/wp-content\/uploads\/2022\/09\/DISENO-GRAFICO-PICTOGRAFICA-TENERIFE-VISTANOS-07-07.svg\" alt=\"\" width=\"272\" height=\"88\" class=\"alignnone wp-image-854\" \/><\/a><a href=\"https:\/\/pictografica.es\/en\/contacto\/\"><img decoding=\"async\" src=\"https:\/\/pictografica.es\/wp-content\/uploads\/2022\/09\/TE-AYUDAMOS-15.svg\" alt=\"\" width=\"400\" height=\"101\" class=\"alignleft wp-image-833\" \/><\/a><a href=\"https:\/\/pictografica.es\/en\/cnc\/\"><img decoding=\"async\" src=\"https:\/\/pictografica.es\/wp-content\/uploads\/2022\/09\/HOME-PAGE-PICTOGRAFICA-TITULOS-13.svg\" alt=\"\" width=\"280\" height=\"92\" class=\"alignnone wp-image-797\" \/><\/a>","protected":false},"excerpt":{"rendered":"<p>Tr\u00edpticos Tenerife Un tr\u00edptico es una herramienta de marketing altamente efectiva para presentar informaci\u00f3n sobre tu empresa, producto o servicio en Tenerife. Este formato de documento impreso consta de tres paneles o secciones, y permite agregar una gran cantidad de informaci\u00f3n de manera organizada y visualmente atractiva. Los tr\u00edpticos son [&hellip;]<\/p>\n","protected":false},"featured_media":426,"comment_status":"open","ping_status":"closed","template":"","meta":{"inline_featured_image":false,"_joinchat":[]},"product_brand":[],"product_cat":[19],"product_tag":[],"class_list":{"0":"post-117","1":"product","2":"type-product","3":"status-publish","4":"has-post-thumbnail","6":"product_cat-impresion","8":"first","9":"instock","10":"taxable","11":"shipping-taxable","12":"purchasable","13":"product-type-variable"},"_links":{"self":[{"href":"https:\/\/pictografica.es\/en\/wp-json\/wp\/v2\/product\/117","targetHints":{"allow":["GET"]}}],"collection":[{"href":"https:\/\/pictografica.es\/en\/wp-json\/wp\/v2\/product"}],"about":[{"href":"https:\/\/pictografica.es\/en\/wp-json\/wp\/v2\/types\/product"}],"replies":[{"embeddable":true,"href":"https:\/\/pictografica.es\/en\/wp-json\/wp\/v2\/comments?post=117"}],"version-history":[{"count":3,"href":"https:\/\/pictografica.es\/en\/wp-json\/wp\/v2\/product\/117\/revisions"}],"predecessor-version":[{"id":4049,"href":"https:\/\/pictografica.es\/en\/wp-json\/wp\/v2\/product\/117\/revisions\/4049"}],"wp:featuredmedia":[{"embeddable":true,"href":"https:\/\/pictografica.es\/en\/wp-json\/wp\/v2\/media\/426"}],"wp:attachment":[{"href":"https:\/\/pictografica.es\/en\/wp-json\/wp\/v2\/media?parent=117"}],"wp:term":[{"taxonomy":"product_brand","embeddable":true,"href":"https:\/\/pictografica.es\/en\/wp-json\/wp\/v2\/product_brand?post=117"},{"taxonomy":"product_cat","embeddable":true,"href":"https:\/\/pictografica.es\/en\/wp-json\/wp\/v2\/product_cat?post=117"},{"taxonomy":"product_tag","embeddable":true,"href":"https:\/\/pictografica.es\/en\/wp-json\/wp\/v2\/product_tag?post=117"}],"curies":[{"name":"wp","href":"https:\/\/api.w.org\/{rel}","templated":true}]}}