{"id":3126,"date":"2025-01-15T10:15:12","date_gmt":"2025-01-15T10:15:12","guid":{"rendered":"https:\/\/pictografica.es\/?post_type=product&#038;p=3126"},"modified":"2025-07-21T14:13:16","modified_gmt":"2025-07-21T14:13:16","slug":"cuadros-en-metacrilato","status":"publish","type":"product","link":"https:\/\/pictografica.es\/en\/product\/cuadros-en-metacrilato\/","title":{"rendered":"Methacrylate Paintings"},"content":{"rendered":"<strong>IMPRESO METACRILATO ENCAPSULADO<\/strong>\r\n<span style=\"color: #ff0000;\"><strong><\/strong><\/span>\r\n\r\n<span style=\"color: #ff0000;\"><strong>PROCESSING OPTIONS<\/strong><\/span>\r\n<strong>MEASUREMENTS: <\/strong>MEDIANO 100 X 150\r\nPEQUE\u00d1O 75 CM X 100\r\nGRANDE 200 X 100\r\n<h3 data-start=\"146\" data-end=\"217\">Cuadros en Metacrilato \u2013 Impresi\u00f3n de Alta Definici\u00f3n Encapsulada<\/h3>\r\n<p data-start=\"218\" data-end=\"512\">Convierte cualquier espacio en una galer\u00eda de arte contempor\u00e1neo con estos <strong data-start=\"293\" data-end=\"340\">cuadros impresos en metacrilato encapsulado<\/strong>, ideales para decoraci\u00f3n moderna y profesional. La imagen queda sellada entre placas, creando un efecto visual elegante, con profundidad, brillo y una nitidez excepcional.<\/p>\r\n<p data-start=\"514\" data-end=\"747\">Perfectos para oficinas, hogares, galer\u00edas o comercios que buscan una presentaci\u00f3n premium de sus im\u00e1genes, ilustraciones o fotograf\u00edas. Puedes elegir entre tres tama\u00f1os est\u00e1ndar y cargar tu dise\u00f1o directamente o enviarlo por correo.<\/p>\r\n<p data-start=\"749\" data-end=\"1114\"><strong data-start=\"749\" data-end=\"781\">Caracter\u00edsticas principales:<\/strong><br data-start=\"781\" data-end=\"784\" \/>\u2705 Impresi\u00f3n encapsulada entre capas de metacrilato de alta transparencia<br data-start=\"856\" data-end=\"859\" \/>\u2705 Efecto brillante con profundidad visual y m\u00e1xima nitidez<br data-start=\"917\" data-end=\"920\" \/>\u2705 Ideal para arte digital, fotograf\u00eda, branding o decoraci\u00f3n interior<br data-start=\"989\" data-end=\"992\" \/>\u2705 F\u00e1cil instalaci\u00f3n en pared<br data-start=\"1020\" data-end=\"1023\" \/>\u2705 Acabado profesional, moderno y duradero<br data-start=\"1064\" data-end=\"1067\" \/>\u2705 Personalizable al 100% con tu propio dise\u00f1o<\/p>\r\n<p data-start=\"1116\" data-end=\"1144\">\ud83d\udcd0 <strong data-start=\"1119\" data-end=\"1142\">Opciones de tama\u00f1o:<\/strong><\/p>\r\n\r\n<ul data-start=\"1145\" data-end=\"1220\">\r\n \t<li data-start=\"1145\" data-end=\"1169\">\r\n<p data-start=\"1147\" data-end=\"1169\">Peque\u00f1o: 75 x 100 cm<\/p>\r\n<\/li>\r\n \t<li data-start=\"1170\" data-end=\"1195\">\r\n<p data-start=\"1172\" data-end=\"1195\">Mediano: 100 x 150 cm<\/p>\r\n<\/li>\r\n \t<li data-start=\"1196\" data-end=\"1220\">\r\n<p data-start=\"1198\" data-end=\"1220\">Grande: 200 x 100 cm<\/p>\r\n<\/li>\r\n<\/ul>\r\n<p data-start=\"1222\" data-end=\"1301\">\ud83d\udce6 <strong data-start=\"1225\" data-end=\"1237\">Incluye:<\/strong> cuadro completo en metacrilato + sistema de montaje invisible<\/p>","protected":false},"excerpt":{"rendered":"<p><strong>IMPRESO METACRILATO ENCAPSULADO<\/strong><br \/>\n<span style=\"color: #ff0000;\"><strong><\/strong><\/span><\/p>\n<p><span style=\"color: #ff0000;\"><strong>PROCESSING OPTIONS<\/strong><\/span><br \/>\n<strong>MEASUREMENTS: <\/strong>MEDIANO 100 X 150<br \/>\nPEQUE\u00d1O 75 CM X 100<br \/>\nGRANDE 200 X 100<\/p>","protected":false},"featured_media":3928,"comment_status":"open","ping_status":"closed","template":"","meta":{"inline_featured_image":false,"_joinchat":[]},"product_brand":[],"product_cat":[35],"product_tag":[],"class_list":{"0":"post-3126","1":"product","2":"type-product","3":"status-publish","4":"has-post-thumbnail","6":"product_cat-cortes-y-grabados","8":"first","9":"instock","10":"taxable","11":"shipping-taxable","12":"purchasable","13":"product-type-variable"},"_links":{"self":[{"href":"https:\/\/pictografica.es\/en\/wp-json\/wp\/v2\/product\/3126","targetHints":{"allow":["GET"]}}],"collection":[{"href":"https:\/\/pictografica.es\/en\/wp-json\/wp\/v2\/product"}],"about":[{"href":"https:\/\/pictografica.es\/en\/wp-json\/wp\/v2\/types\/product"}],"replies":[{"embeddable":true,"href":"https:\/\/pictografica.es\/en\/wp-json\/wp\/v2\/comments?post=3126"}],"version-history":[{"count":5,"href":"https:\/\/pictografica.es\/en\/wp-json\/wp\/v2\/product\/3126\/revisions"}],"predecessor-version":[{"id":4193,"href":"https:\/\/pictografica.es\/en\/wp-json\/wp\/v2\/product\/3126\/revisions\/4193"}],"wp:featuredmedia":[{"embeddable":true,"href":"https:\/\/pictografica.es\/en\/wp-json\/wp\/v2\/media\/3928"}],"wp:attachment":[{"href":"https:\/\/pictografica.es\/en\/wp-json\/wp\/v2\/media?parent=3126"}],"wp:term":[{"taxonomy":"product_brand","embeddable":true,"href":"https:\/\/pictografica.es\/en\/wp-json\/wp\/v2\/product_brand?post=3126"},{"taxonomy":"product_cat","embeddable":true,"href":"https:\/\/pictografica.es\/en\/wp-json\/wp\/v2\/product_cat?post=3126"},{"taxonomy":"product_tag","embeddable":true,"href":"https:\/\/pictografica.es\/en\/wp-json\/wp\/v2\/product_tag?post=3126"}],"curies":[{"name":"wp","href":"https:\/\/api.w.org\/{rel}","templated":true}]}}