{"id":3137,"date":"2025-01-15T10:22:18","date_gmt":"2025-01-15T10:22:18","guid":{"rendered":"https:\/\/pictografica.es\/?post_type=product&#038;p=3137"},"modified":"2025-07-16T09:03:02","modified_gmt":"2025-07-16T09:03:02","slug":"display-4wind","status":"publish","type":"product","link":"https:\/\/pictografica.es\/en\/product\/display-4wind\/","title":{"rendered":"Display4Wind"},"content":{"rendered":"<strong>DISPLAY 4WIND<\/strong>\r\n\r\n<span style=\"color: #ff0000;\"><strong>PROCESSING OPTIONS<\/strong><\/span>\r\n<strong>MEDIDA: <\/strong>114 CM X 80 CM\r\n<h3 data-start=\"115\" data-end=\"199\"><strong data-start=\"119\" data-end=\"199\">Display Publicitario con Base Rellenable \u2013 Doble Cara, Ideal para Exteriores<\/strong><\/h3>\r\n<p data-start=\"201\" data-end=\"661\">Haz que tu mensaje destaque con este elegante y resistente display publicitario de doble cara. Dise\u00f1ado para soportar condiciones al aire libre, su estructura cuenta con una <strong data-start=\"375\" data-end=\"420\">base pl\u00e1stica rellenable con agua o arena<\/strong>, lo que garantiza una gran estabilidad incluso en d\u00edas ventosos. Su sistema de <strong data-start=\"500\" data-end=\"523\">resortes antiviento<\/strong> permite una ligera oscilaci\u00f3n que reduce el riesgo de ca\u00edda, alargando la vida \u00fatil del producto y manteniendo tu cartel siempre visible.<\/p>\r\n<p data-start=\"663\" data-end=\"962\">El marco abatible de aluminio facilita el cambio de gr\u00e1ficas en segundos, sin necesidad de herramientas, lo que lo convierte en una opci\u00f3n pr\u00e1ctica y eficiente para promociones, se\u00f1alizaci\u00f3n o campa\u00f1as temporales. Ideal para tiendas, restaurantes, centros comerciales, ferias y todo tipo de eventos.<\/p>\r\n\r\n<h4 data-start=\"964\" data-end=\"1001\"><strong data-start=\"969\" data-end=\"1001\">Caracter\u00edsticas principales:<\/strong><\/h4>\r\n<ul data-start=\"1002\" data-end=\"1445\">\r\n \t<li data-start=\"1002\" data-end=\"1072\">\r\n<p data-start=\"1004\" data-end=\"1072\">\u2705 <strong data-start=\"1006\" data-end=\"1028\">Formato doble cara<\/strong> para m\u00e1xima visibilidad desde ambos lados<\/p>\r\n<\/li>\r\n \t<li data-start=\"1073\" data-end=\"1145\">\r\n<p data-start=\"1075\" data-end=\"1145\">\u2705 <strong data-start=\"1077\" data-end=\"1127\">Base con ruedas integradas y tapa de seguridad<\/strong>, f\u00e1cil de mover<\/p>\r\n<\/li>\r\n \t<li data-start=\"1146\" data-end=\"1213\">\r\n<p data-start=\"1148\" data-end=\"1213\">\u2705 <strong data-start=\"1150\" data-end=\"1211\">Estructura de aluminio resistente con resortes antiviento<\/strong><\/p>\r\n<\/li>\r\n \t<li data-start=\"1214\" data-end=\"1276\">\r\n<p data-start=\"1216\" data-end=\"1276\">\u2705 <strong data-start=\"1218\" data-end=\"1244\">Marco tipo click-clack<\/strong> para cambio r\u00e1pido de gr\u00e1fica<\/p>\r\n<\/li>\r\n \t<li data-start=\"1277\" data-end=\"1323\">\r\n<p data-start=\"1279\" data-end=\"1323\">\u2705 <strong data-start=\"1281\" data-end=\"1301\">Uso recomendado:<\/strong> Interior y exterior<\/p>\r\n<\/li>\r\n \t<li data-start=\"1324\" data-end=\"1374\">\r\n<p data-start=\"1326\" data-end=\"1374\">\u2705 <strong data-start=\"1328\" data-end=\"1372\">Soporta condiciones clim\u00e1ticas moderadas<\/strong><\/p>\r\n<\/li>\r\n \t<li data-start=\"1375\" data-end=\"1445\">\r\n<p data-start=\"1377\" data-end=\"1445\">\u2705 <strong data-start=\"1379\" data-end=\"1411\">Dise\u00f1o moderno y profesional<\/strong> que se adapta a cualquier entorno<\/p>\r\n<\/li>\r\n<\/ul>\r\n<p data-start=\"1447\" data-end=\"1614\"><br data-start=\"1527\" data-end=\"1530\" \/>\ud83d\udce6 <strong data-start=\"1533\" data-end=\"1545\">Incluye:<\/strong> estructura completa + base rellenable + impresi\u00f3n gr\u00e1fica<\/p>","protected":false},"excerpt":{"rendered":"<p><strong>DISPLAY 4WIND<\/strong><\/p>\n<p><span style=\"color: #ff0000;\"><strong>PROCESSING OPTIONS<\/strong><\/span><br \/>\n<strong>SIZE: 114 CM X 80 CM<\/strong><\/p>\n<p data-start=\"1447\" data-end=\"1614\">","protected":false},"featured_media":3202,"comment_status":"open","ping_status":"closed","template":"","meta":{"inline_featured_image":false,"_joinchat":[]},"product_brand":[],"product_cat":[33],"product_tag":[],"class_list":{"0":"post-3137","1":"product","2":"type-product","3":"status-publish","4":"has-post-thumbnail","6":"product_cat-displays","8":"first","9":"instock","10":"taxable","11":"shipping-taxable","12":"purchasable","13":"product-type-variable"},"_links":{"self":[{"href":"https:\/\/pictografica.es\/en\/wp-json\/wp\/v2\/product\/3137","targetHints":{"allow":["GET"]}}],"collection":[{"href":"https:\/\/pictografica.es\/en\/wp-json\/wp\/v2\/product"}],"about":[{"href":"https:\/\/pictografica.es\/en\/wp-json\/wp\/v2\/types\/product"}],"replies":[{"embeddable":true,"href":"https:\/\/pictografica.es\/en\/wp-json\/wp\/v2\/comments?post=3137"}],"version-history":[{"count":5,"href":"https:\/\/pictografica.es\/en\/wp-json\/wp\/v2\/product\/3137\/revisions"}],"predecessor-version":[{"id":4144,"href":"https:\/\/pictografica.es\/en\/wp-json\/wp\/v2\/product\/3137\/revisions\/4144"}],"wp:featuredmedia":[{"embeddable":true,"href":"https:\/\/pictografica.es\/en\/wp-json\/wp\/v2\/media\/3202"}],"wp:attachment":[{"href":"https:\/\/pictografica.es\/en\/wp-json\/wp\/v2\/media?parent=3137"}],"wp:term":[{"taxonomy":"product_brand","embeddable":true,"href":"https:\/\/pictografica.es\/en\/wp-json\/wp\/v2\/product_brand?post=3137"},{"taxonomy":"product_cat","embeddable":true,"href":"https:\/\/pictografica.es\/en\/wp-json\/wp\/v2\/product_cat?post=3137"},{"taxonomy":"product_tag","embeddable":true,"href":"https:\/\/pictografica.es\/en\/wp-json\/wp\/v2\/product_tag?post=3137"}],"curies":[{"name":"wp","href":"https:\/\/api.w.org\/{rel}","templated":true}]}}