{"id":3140,"date":"2025-01-15T10:26:19","date_gmt":"2025-01-15T10:26:19","guid":{"rendered":"https:\/\/pictografica.es\/?post_type=product&#038;p=3140"},"modified":"2026-01-12T15:52:45","modified_gmt":"2026-01-12T15:52:45","slug":"banner-alana","status":"publish","type":"product","link":"https:\/\/pictografica.es\/en\/product\/banner-alana\/","title":{"rendered":"Banner Alana"},"content":{"rendered":"<strong>BANNER ALANA<\/strong>\r\n\r\n<span style=\"color: #ff0000;\"><strong>PROCESSING OPTIONS<\/strong><\/span>\r\n<strong>MEASUREMENTS: <\/strong>300 x 230\r\n<h3 data-start=\"174\" data-end=\"251\"><strong data-start=\"178\" data-end=\"251\">Barrera Gr\u00e1fica Publicitaria \u2013 Estructura Met\u00e1lica + Impresi\u00f3n Textil<\/strong><\/h3>\r\n<p data-start=\"253\" data-end=\"689\">Transforma cualquier espacio en una oportunidad de marca con esta <strong data-start=\"319\" data-end=\"363\">barrera publicitaria de alta resistencia<\/strong>, perfecta para delimitar zonas, organizar flujos de personas o destacar tu imagen en ferias, eventos, exposiciones o puntos de venta. Su estructura met\u00e1lica robusta y de f\u00e1cil armado se complementa con una gr\u00e1fica textil impresa en sublimaci\u00f3n full color, lo que garantiza colores vivos, durabilidad y un acabado profesional.<\/p>\r\n<p data-start=\"691\" data-end=\"834\">Incluye todos los accesorios necesarios para un montaje r\u00e1pido y seguro, adem\u00e1s de una pr\u00e1ctica bolsa de transporte para facilitar su traslado.<\/p>\r\n\r\n<h4 data-start=\"836\" data-end=\"873\"><strong data-start=\"841\" data-end=\"873\">Caracter\u00edsticas principales:<\/strong><\/h4>\r\n<ul data-start=\"874\" data-end=\"1323\">\r\n \t<li data-start=\"874\" data-end=\"935\">\r\n<p data-start=\"876\" data-end=\"935\">\u2705 <strong data-start=\"878\" data-end=\"935\">Estructura met\u00e1lica resistente con acabado negro mate<\/strong><\/p>\r\n<\/li>\r\n \t<li data-start=\"936\" data-end=\"1001\">\r\n<p data-start=\"938\" data-end=\"1001\">\u2705 <strong data-start=\"940\" data-end=\"971\">Impresi\u00f3n en tela sublimada<\/strong>, lavable y de alta definici\u00f3n<\/p>\r\n<\/li>\r\n \t<li data-start=\"1002\" data-end=\"1074\">\r\n<p data-start=\"1004\" data-end=\"1074\">\u2705 <strong data-start=\"1006\" data-end=\"1044\">Montaje sin herramientas complejas<\/strong> (incluye llaves y fijaciones)<\/p>\r\n<\/li>\r\n \t<li data-start=\"1075\" data-end=\"1128\">\r\n<p data-start=\"1077\" data-end=\"1128\">\u2705 <strong data-start=\"1079\" data-end=\"1128\">Base plana met\u00e1lica con excelente estabilidad<\/strong><\/p>\r\n<\/li>\r\n \t<li data-start=\"1129\" data-end=\"1165\">\r\n<p data-start=\"1131\" data-end=\"1165\">\u2705 <strong data-start=\"1133\" data-end=\"1165\">Bolso de transporte incluido<\/strong><\/p>\r\n<\/li>\r\n \t<li data-start=\"1166\" data-end=\"1274\">\r\n<p data-start=\"1168\" data-end=\"1274\">\u2705 <strong data-start=\"1170\" data-end=\"1274\">Ideal para ferias, eventos deportivos, se\u00f1alizaci\u00f3n de espacios, promociones o como fondo decorativo<\/strong><\/p>\r\n<\/li>\r\n \t<li data-start=\"1275\" data-end=\"1323\">\r\n<p data-start=\"1277\" data-end=\"1323\">\u2705 <strong data-start=\"1279\" data-end=\"1323\">Uso en interiores o exteriores cubiertos<\/strong><\/p>\r\n<\/li>\r\n<\/ul>\r\n<p data-start=\"1325\" data-end=\"1491\"><br data-start=\"1410\" data-end=\"1413\" \/>\ud83d\udce6 <strong data-start=\"1416\" data-end=\"1428\">Incluye:<\/strong> estructura met\u00e1lica + gr\u00e1fica impresa + kit de montaje + bolso<\/p>","protected":false},"excerpt":{"rendered":"<p><strong>BANNER ALANA<\/strong><\/p>\n<p><span style=\"color: #ff0000;\"><strong>PROCESSING OPTIONS<\/strong><\/span><br \/>\n<strong>MEASUREMENTS: <\/strong>300 x 230<\/p>\n<p data-start=\"1325\" data-end=\"1491\">","protected":false},"featured_media":3173,"comment_status":"open","ping_status":"closed","template":"","meta":{"inline_featured_image":false,"_joinchat":[]},"product_brand":[],"product_cat":[33],"product_tag":[],"class_list":{"0":"post-3140","1":"product","2":"type-product","3":"status-publish","4":"has-post-thumbnail","6":"product_cat-displays","8":"first","9":"instock","10":"taxable","11":"shipping-taxable","12":"purchasable","13":"product-type-variable"},"_links":{"self":[{"href":"https:\/\/pictografica.es\/en\/wp-json\/wp\/v2\/product\/3140","targetHints":{"allow":["GET"]}}],"collection":[{"href":"https:\/\/pictografica.es\/en\/wp-json\/wp\/v2\/product"}],"about":[{"href":"https:\/\/pictografica.es\/en\/wp-json\/wp\/v2\/types\/product"}],"replies":[{"embeddable":true,"href":"https:\/\/pictografica.es\/en\/wp-json\/wp\/v2\/comments?post=3140"}],"version-history":[{"count":5,"href":"https:\/\/pictografica.es\/en\/wp-json\/wp\/v2\/product\/3140\/revisions"}],"predecessor-version":[{"id":4149,"href":"https:\/\/pictografica.es\/en\/wp-json\/wp\/v2\/product\/3140\/revisions\/4149"}],"wp:featuredmedia":[{"embeddable":true,"href":"https:\/\/pictografica.es\/en\/wp-json\/wp\/v2\/media\/3173"}],"wp:attachment":[{"href":"https:\/\/pictografica.es\/en\/wp-json\/wp\/v2\/media?parent=3140"}],"wp:term":[{"taxonomy":"product_brand","embeddable":true,"href":"https:\/\/pictografica.es\/en\/wp-json\/wp\/v2\/product_brand?post=3140"},{"taxonomy":"product_cat","embeddable":true,"href":"https:\/\/pictografica.es\/en\/wp-json\/wp\/v2\/product_cat?post=3140"},{"taxonomy":"product_tag","embeddable":true,"href":"https:\/\/pictografica.es\/en\/wp-json\/wp\/v2\/product_tag?post=3140"}],"curies":[{"name":"wp","href":"https:\/\/api.w.org\/{rel}","templated":true}]}}