{"id":3149,"date":"2025-01-15T10:51:00","date_gmt":"2025-01-15T10:51:00","guid":{"rendered":"https:\/\/pictografica.es\/?post_type=product&#038;p=3149"},"modified":"2026-01-12T15:41:37","modified_gmt":"2026-01-12T15:41:37","slug":"mostrador-basic-art","status":"publish","type":"product","link":"https:\/\/pictografica.es\/en\/product\/mostrador-basic-art\/","title":{"rendered":"Basic Art Counter"},"content":{"rendered":"<strong>MOSTRADOR BASIC ART<\/strong>\r\n\r\n<span style=\"color: #ff0000;\"><strong>PROCESSING OPTIONS<\/strong><\/span>\r\n<strong>MEASUREMENTS:\u00a0 \u00a0 <\/strong><strong><\/strong>TAMA\u00d1O DE IMPRESION<strong> : <\/strong>82,8 cm x 85 cm x 41,5 cm\r\nTAMA\u00d1O IMPRESION CARTELA<strong>:<\/strong> 77 cm X 28cm\r\nTama\u00f1o del mostrador completo: 88 cm x 191 cm\r\n<h3 data-start=\"108\" data-end=\"188\">Mostrador Promocional Port\u00e1til \u2013 Estructura Ligera + Gr\u00e1fica Personalizada<\/h3>\r\n<p data-start=\"189\" data-end=\"541\">Lleva tu marca al frente con este <strong data-start=\"223\" data-end=\"257\">mostrador promocional port\u00e1til<\/strong>, ideal para activaciones, degustaciones, campa\u00f1as publicitarias, puntos de informaci\u00f3n y eventos itinerantes. Su estructura ligera de PVC es f\u00e1cil de montar y desmontar, e incluye una gr\u00e1fica personalizada de alta calidad que cubre completamente el frontal y los laterales del stand.<\/p>\r\n<p data-start=\"543\" data-end=\"756\">Cuenta con estante interior para almacenamiento y una cartela superior que refuerza la visibilidad de tu mensaje. Todo el sistema se guarda en una pr\u00e1ctica funda de transporte, perfecta para facilitar el traslado.<\/p>\r\n<p data-start=\"758\" data-end=\"1162\"><strong data-start=\"758\" data-end=\"790\">Caracter\u00edsticas principales:<\/strong><br data-start=\"790\" data-end=\"793\" \/>\u2705 Estructura de PVC resistente y ligera<br data-start=\"832\" data-end=\"835\" \/>\u2705 Gr\u00e1fica personalizada en vinilo de alta resoluci\u00f3n<br data-start=\"887\" data-end=\"890\" \/>\u2705 Cartela superior para mayor impacto visual<br data-start=\"934\" data-end=\"937\" \/>\u2705 Estante interior incluido para almacenamiento de material<br data-start=\"996\" data-end=\"999\" \/>\u2705 Montaje sencillo sin herramientas<br data-start=\"1034\" data-end=\"1037\" \/>\u2705 Ideal para promociones, ferias, supermercados, farmacias y puntos de venta<br data-start=\"1113\" data-end=\"1116\" \/>\u2705 F\u00e1cil de transportar con su funda incluida<\/p>\r\n<p data-start=\"1164\" data-end=\"1181\">\ud83d\udcd0 Dimensiones:<\/p>\r\n\r\n<ul data-start=\"1182\" data-end=\"1283\">\r\n \t<li data-start=\"1182\" data-end=\"1200\">\r\n<p data-start=\"1184\" data-end=\"1200\">Ancho: 82,8 cm<\/p>\r\n<\/li>\r\n \t<li data-start=\"1201\" data-end=\"1219\">\r\n<p data-start=\"1203\" data-end=\"1219\">Fondo: 41,5 cm<\/p>\r\n<\/li>\r\n \t<li data-start=\"1220\" data-end=\"1247\">\r\n<p data-start=\"1222\" data-end=\"1247\">Altura mostrador: 85 cm<\/p>\r\n<\/li>\r\n \t<li data-start=\"1248\" data-end=\"1283\">\r\n<p data-start=\"1250\" data-end=\"1283\">Cartela superior: 77 cm x 28 cm<\/p>\r\n<\/li>\r\n<\/ul>\r\n<p data-start=\"1285\" data-end=\"1391\">\ud83d\udce6 <strong data-start=\"1288\" data-end=\"1300\">Incluye:<\/strong> estructura completa + gr\u00e1fica impresa + estante interior + cartela + funda de transporte<\/p>","protected":false},"excerpt":{"rendered":"<p><strong>MOSTRADOR BASIC ART<\/strong><\/p>\n<p><span style=\"color: #ff0000;\"><strong>PROCESSING OPTIONS<\/strong><\/span><br \/>\n<strong>MEASUREMENTS:\u00a0 \u00a0 <\/strong><strong><\/strong>TAMA\u00d1O DE IMPRESION<strong> : <\/strong>82,8 cm x 85 cm x 41,5 cm<br \/>\nTAMA\u00d1O IMPRESION CARTELA<strong>:<\/strong> 77 cm X 28cm<br \/>\nTama\u00f1o del mostrador completo: 88 cm x 191 cm<\/p>","protected":false},"featured_media":3186,"comment_status":"open","ping_status":"closed","template":"","meta":{"inline_featured_image":false,"_joinchat":{"telephone":"+34610973073"}},"product_brand":[],"product_cat":[33],"product_tag":[],"class_list":{"0":"post-3149","1":"product","2":"type-product","3":"status-publish","4":"has-post-thumbnail","6":"product_cat-displays","8":"first","9":"instock","10":"taxable","11":"shipping-taxable","12":"purchasable","13":"product-type-variable"},"_links":{"self":[{"href":"https:\/\/pictografica.es\/en\/wp-json\/wp\/v2\/product\/3149","targetHints":{"allow":["GET"]}}],"collection":[{"href":"https:\/\/pictografica.es\/en\/wp-json\/wp\/v2\/product"}],"about":[{"href":"https:\/\/pictografica.es\/en\/wp-json\/wp\/v2\/types\/product"}],"replies":[{"embeddable":true,"href":"https:\/\/pictografica.es\/en\/wp-json\/wp\/v2\/comments?post=3149"}],"version-history":[{"count":5,"href":"https:\/\/pictografica.es\/en\/wp-json\/wp\/v2\/product\/3149\/revisions"}],"predecessor-version":[{"id":4190,"href":"https:\/\/pictografica.es\/en\/wp-json\/wp\/v2\/product\/3149\/revisions\/4190"}],"wp:featuredmedia":[{"embeddable":true,"href":"https:\/\/pictografica.es\/en\/wp-json\/wp\/v2\/media\/3186"}],"wp:attachment":[{"href":"https:\/\/pictografica.es\/en\/wp-json\/wp\/v2\/media?parent=3149"}],"wp:term":[{"taxonomy":"product_brand","embeddable":true,"href":"https:\/\/pictografica.es\/en\/wp-json\/wp\/v2\/product_brand?post=3149"},{"taxonomy":"product_cat","embeddable":true,"href":"https:\/\/pictografica.es\/en\/wp-json\/wp\/v2\/product_cat?post=3149"},{"taxonomy":"product_tag","embeddable":true,"href":"https:\/\/pictografica.es\/en\/wp-json\/wp\/v2\/product_tag?post=3149"}],"curies":[{"name":"wp","href":"https:\/\/api.w.org\/{rel}","templated":true}]}}