{"id":3633,"date":"2025-02-04T17:10:47","date_gmt":"2025-02-04T17:10:47","guid":{"rendered":"https:\/\/pictografica.es\/?post_type=product&#038;p=3633"},"modified":"2026-02-21T18:15:18","modified_gmt":"2026-02-21T18:15:18","slug":"caballete-display-peana","status":"publish","type":"product","link":"https:\/\/pictografica.es\/en\/product\/caballete-display-peana\/","title":{"rendered":"Easel Stand"},"content":{"rendered":"<strong>CABALLETE PEANA<\/strong>\r\n\r\n<span style=\"color: #ff0000;\"><strong>PROCESSING OPTIONS<\/strong><\/span>\r\n<strong>MEDIDA: 50 x 70 \/ 70 x 100<\/strong>\r\n<h3 data-start=\"133\" data-end=\"220\">Caballete Publicitario de Aluminio \u2013 Estructura Plegable + Gr\u00e1fica Intercambiable<\/h3>\r\n<p data-start=\"221\" data-end=\"575\">Destaca tu mensaje con este caballete publicitario de doble cara, ideal para atraer la atenci\u00f3n en exteriores cubiertos o interiores. Su dise\u00f1o resistente y funcional permite cambiar f\u00e1cilmente los gr\u00e1ficos gracias al sistema de marco tipo \u201cclic\u201d, ofreciendo una soluci\u00f3n vers\u00e1til y reutilizable para promociones, men\u00fas, ofertas y se\u00f1alizaci\u00f3n comercial.<\/p>\r\n<p data-start=\"577\" data-end=\"728\">Fabricado en aluminio anodizado, combina ligereza con durabilidad, y su estructura plegable facilita el transporte y almacenamiento sin complicaciones.<\/p>\r\n<p data-start=\"730\" data-end=\"1174\"><strong data-start=\"730\" data-end=\"762\">Caracter\u00edsticas principales:<\/strong><br data-start=\"762\" data-end=\"765\" \/>\u2705 Estructura de aluminio anodizado, ligera y resistente<br data-start=\"820\" data-end=\"823\" \/>\u2705 Sistema de apertura tipo \u201cclic\u201d para cambio r\u00e1pido de gr\u00e1ficas<br data-start=\"887\" data-end=\"890\" \/>\u2705 Doble cara para m\u00e1xima visibilidad desde ambos sentidos<br data-start=\"947\" data-end=\"950\" \/>\u2705 Patas antideslizantes para mayor estabilidad<br data-start=\"996\" data-end=\"999\" \/>\u2705 Ideal para restaurantes, comercios, ferias, entradas o se\u00f1alizaci\u00f3n<br data-start=\"1068\" data-end=\"1071\" data-is-only-node=\"\" \/>\u2705 Uso en interiores o exteriores cubiertos<br data-start=\"1113\" data-end=\"1116\" \/>\u2705 Dise\u00f1o plegable para f\u00e1cil transporte y almacenamiento<\/p>\r\n<p data-start=\"1176\" data-end=\"1289\">\ud83d\udce6 <strong data-start=\"1179\" data-end=\"1191\">Incluye:<\/strong> estructura met\u00e1lica + protectores frontales PET antirreflejo (ambas caras) + topes de seguridad<\/p>","protected":false},"excerpt":{"rendered":"<p>CABALLETE PEANA OPCIONES DE ELABORACION MEDIDA: 50 x 70 \/ 70 x 100 Caballete Publicitario de Aluminio \u2013 Estructura Plegable + Gr\u00e1fica Intercambiable Destaca tu mensaje con este caballete publicitario de doble cara, ideal para atraer la atenci\u00f3n en exteriores cubiertos o interiores. Su dise\u00f1o resistente y funcional permite cambiar [&hellip;]<\/p>\n","protected":false},"featured_media":3874,"comment_status":"open","ping_status":"closed","template":"","meta":{"inline_featured_image":false,"_joinchat":[]},"product_brand":[],"product_cat":[33],"product_tag":[],"class_list":{"0":"post-3633","1":"product","2":"type-product","3":"status-publish","4":"has-post-thumbnail","6":"product_cat-displays","8":"first","9":"instock","10":"taxable","11":"shipping-taxable","12":"purchasable","13":"product-type-variable"},"_links":{"self":[{"href":"https:\/\/pictografica.es\/en\/wp-json\/wp\/v2\/product\/3633","targetHints":{"allow":["GET"]}}],"collection":[{"href":"https:\/\/pictografica.es\/en\/wp-json\/wp\/v2\/product"}],"about":[{"href":"https:\/\/pictografica.es\/en\/wp-json\/wp\/v2\/types\/product"}],"replies":[{"embeddable":true,"href":"https:\/\/pictografica.es\/en\/wp-json\/wp\/v2\/comments?post=3633"}],"version-history":[{"count":4,"href":"https:\/\/pictografica.es\/en\/wp-json\/wp\/v2\/product\/3633\/revisions"}],"predecessor-version":[{"id":4188,"href":"https:\/\/pictografica.es\/en\/wp-json\/wp\/v2\/product\/3633\/revisions\/4188"}],"wp:featuredmedia":[{"embeddable":true,"href":"https:\/\/pictografica.es\/en\/wp-json\/wp\/v2\/media\/3874"}],"wp:attachment":[{"href":"https:\/\/pictografica.es\/en\/wp-json\/wp\/v2\/media?parent=3633"}],"wp:term":[{"taxonomy":"product_brand","embeddable":true,"href":"https:\/\/pictografica.es\/en\/wp-json\/wp\/v2\/product_brand?post=3633"},{"taxonomy":"product_cat","embeddable":true,"href":"https:\/\/pictografica.es\/en\/wp-json\/wp\/v2\/product_cat?post=3633"},{"taxonomy":"product_tag","embeddable":true,"href":"https:\/\/pictografica.es\/en\/wp-json\/wp\/v2\/product_tag?post=3633"}],"curies":[{"name":"wp","href":"https:\/\/api.w.org\/{rel}","templated":true}]}}