{"id":75,"date":"2022-03-16T22:24:59","date_gmt":"2022-03-16T22:24:59","guid":{"rendered":"https:\/\/pictografica.es\/?post_type=product&#038;p=75"},"modified":"2025-05-13T20:09:58","modified_gmt":"2025-05-13T20:09:58","slug":"flyers","status":"publish","type":"product","link":"https:\/\/pictografica.es\/en\/product\/flyers\/","title":{"rendered":"Flyers"},"content":{"rendered":"<h2>Flyers Tenerife<\/h2>\r\nLos <a href=\"https:\/\/pictografica.es\/en\/papeleria\/\">flyers<\/a> publicitarios son una forma econ\u00f3mica y efectiva de promocionar productos, servicios o eventos de una empresa en Tenerife. Estos peque\u00f1os<a href=\"https:\/\/pictografica.es\/en\/papeleria\/\"> volantes impresos<\/a> en papel pueden ser distribuidos en lugares estrat\u00e9gicos, permitiendo llegar a una audiencia amplia y generar inter\u00e9s en la marca o en los productos y servicios que se ofrecen.\r\n\r\nLa ventaja de los<a href=\"https:\/\/pictografica.es\/en\/papeleria\/\"> flyers<\/a> publicitarios es que son f\u00e1ciles de distribuir en zonas de alto tr\u00e1fico, como ferias, eventos deportivos o culturales, o incluso en la calle en Tenerife. Adem\u00e1s, pueden ser personalizados con dise\u00f1os atractivos y colores llamativos para llamar la atenci\u00f3n del p\u00fablico objetivo.\r\n\r\nOtro aspecto positivo de los <a href=\"https:\/\/pictografica.es\/en\/papeleria\/\">flyers<\/a> es que permiten medir el impacto de una campa\u00f1a publicitaria, ya que es posible conocer la cantidad de <a href=\"https:\/\/pictografica.es\/en\/papeleria\/\">flyers<\/a> distribuidos y la tasa de respuesta de los clientes potenciales en Tenerife. Asimismo, se pueden realizar ajustes en la campa\u00f1a si se detecta que no est\u00e1 generando los resultados esperados.\r\n\r\nEn resumen, los <a href=\"https:\/\/pictografica.es\/en\/papeleria\/\">flyers<\/a> publicitarios son una herramienta efectiva y econ\u00f3mica para promocionar productos o servicios de una empresa en Tenerife, permitiendo llegar a una amplia audiencia y medir el impacto de la campa\u00f1a publicitaria. Si se dise\u00f1an y distribuyen adecuadamente, los <a href=\"https:\/\/pictografica.es\/en\/papeleria\/\">flyers<\/a> pueden ser una forma muy eficaz de promover la marca y hacer crecer el negocio en la regi\u00f3n.\r\n\r\n<a href=\"https:\/\/pictografica.es\/en\/diseno-grafico\/\"><img decoding=\"async\" src=\"https:\/\/pictografica.es\/wp-content\/uploads\/2022\/09\/DISENO-GRAFICO-PICTOGRAFICA-TENERIFE-VISTANOS-07-07.svg\" alt=\"\" width=\"272\" height=\"88\" class=\"alignnone wp-image-854\" \/><\/a><a href=\"https:\/\/pictografica.es\/en\/contacto\/\"><img decoding=\"async\" src=\"https:\/\/pictografica.es\/wp-content\/uploads\/2022\/09\/TE-AYUDAMOS-15.svg\" alt=\"\" width=\"400\" height=\"101\" class=\"alignleft wp-image-833\" \/><\/a><a href=\"https:\/\/pictografica.es\/en\/cnc\/\"><img decoding=\"async\" src=\"https:\/\/pictografica.es\/wp-content\/uploads\/2022\/09\/HOME-PAGE-PICTOGRAFICA-TITULOS-13.svg\" alt=\"\" width=\"280\" height=\"92\" class=\"alignnone wp-image-797\" \/><\/a>","protected":false},"excerpt":{"rendered":"<p><strong>FLYERS<\/strong><\/p>\n<p><span style=\"color: #ff0000;\"><strong>OPCIONES DE IMPRESION<\/strong><\/span>:<br \/>\n<strong>TAMA\u00d1OS: <\/strong>A5(14,8x21cm) &#8211; A6(10,5&#215;14,8)<br \/>\n<strong>IMPRESION:<\/strong> 1CARA 0 2 CARAS<br \/>\n<strong>GRAMAJE:<\/strong> 120 gr<br \/>\n<strong>ACABADO:<\/strong> MATE O BRILLO<br \/>\n<strong>CANTIDADES:<\/strong>\u00a0250 &#8211; 500 &#8211; 1000- 2500 &#8211; 5000<\/p>","protected":false},"featured_media":267,"comment_status":"open","ping_status":"closed","template":"","meta":{"inline_featured_image":false,"_joinchat":[]},"product_brand":[],"product_cat":[19],"product_tag":[],"class_list":{"0":"post-75","1":"product","2":"type-product","3":"status-publish","4":"has-post-thumbnail","6":"product_cat-impresion","8":"first","9":"instock","10":"taxable","11":"shipping-taxable","12":"purchasable","13":"product-type-variable"},"_links":{"self":[{"href":"https:\/\/pictografica.es\/en\/wp-json\/wp\/v2\/product\/75","targetHints":{"allow":["GET"]}}],"collection":[{"href":"https:\/\/pictografica.es\/en\/wp-json\/wp\/v2\/product"}],"about":[{"href":"https:\/\/pictografica.es\/en\/wp-json\/wp\/v2\/types\/product"}],"replies":[{"embeddable":true,"href":"https:\/\/pictografica.es\/en\/wp-json\/wp\/v2\/comments?post=75"}],"version-history":[{"count":4,"href":"https:\/\/pictografica.es\/en\/wp-json\/wp\/v2\/product\/75\/revisions"}],"predecessor-version":[{"id":3845,"href":"https:\/\/pictografica.es\/en\/wp-json\/wp\/v2\/product\/75\/revisions\/3845"}],"wp:featuredmedia":[{"embeddable":true,"href":"https:\/\/pictografica.es\/en\/wp-json\/wp\/v2\/media\/267"}],"wp:attachment":[{"href":"https:\/\/pictografica.es\/en\/wp-json\/wp\/v2\/media?parent=75"}],"wp:term":[{"taxonomy":"product_brand","embeddable":true,"href":"https:\/\/pictografica.es\/en\/wp-json\/wp\/v2\/product_brand?post=75"},{"taxonomy":"product_cat","embeddable":true,"href":"https:\/\/pictografica.es\/en\/wp-json\/wp\/v2\/product_cat?post=75"},{"taxonomy":"product_tag","embeddable":true,"href":"https:\/\/pictografica.es\/en\/wp-json\/wp\/v2\/product_tag?post=75"}],"curies":[{"name":"wp","href":"https:\/\/api.w.org\/{rel}","templated":true}]}}