{"id":84,"date":"2022-03-16T22:28:04","date_gmt":"2022-03-16T22:28:04","guid":{"rendered":"https:\/\/pictografica.es\/?post_type=product&#038;p=84"},"modified":"2025-05-13T20:03:43","modified_gmt":"2025-05-13T20:03:43","slug":"tarjetas-de-visita","status":"publish","type":"product","link":"https:\/\/pictografica.es\/en\/product\/tarjetas-de-visita\/","title":{"rendered":"Cards"},"content":{"rendered":"<h2>Tarjetas Tenerife<\/h2>\r\nLas tarjetas de presentaci\u00f3n son una herramienta esencial en el mundo empresarial en Tenerife. Permiten a los clientes conocer los datos m\u00e1s importantes de una empresa, incluyendo su nombre, logo, informaci\u00f3n de contacto y la posici\u00f3n del titular de la tarjeta. La funci\u00f3n principal de las tarjetas de presentaci\u00f3n es establecer relaciones entre empresas y clientes, y ayudar a establecer colaboraciones y alianzas comerciales en Tenerife.\r\n\r\nAdem\u00e1s de su funci\u00f3n principal, las tarjetas de presentaci\u00f3n tambi\u00e9n pueden ayudar a mejorar la imagen de una empresa en Tenerife. Una tarjeta bien dise\u00f1ada y con informaci\u00f3n precisa y clara, puede transmitir profesionalismo y seriedad, lo que puede generar una imagen positiva en el mercado de Tenerife.\r\n\r\nEn resumen, las tarjetas de presentaci\u00f3n son una herramienta esencial en el mundo empresarial de Tenerife, ya que ayudan a establecer relaciones comerciales y mejorar la imagen de una empresa. Es importante dise\u00f1ar y producir tarjetas de presentaci\u00f3n de alta calidad en Tenerife que reflejen adecuadamente la imagen y valores de la empresa. Si necesitas asesoramiento sobre la producci\u00f3n de tarjetas de presentaci\u00f3n en Tenerife, no dudes en contactarnos aqu\u00ed mismo.\r\n\r\nEstaremos encantados de ayudarte.\r\n\r\n<a href=\"https:\/\/pictografica.es\/en\/diseno-grafico\/\"><img decoding=\"async\" src=\"https:\/\/pictografica.es\/wp-content\/uploads\/2022\/09\/DISENO-GRAFICO-PICTOGRAFICA-TENERIFE-VISTANOS-07-07.svg\" alt=\"\" width=\"272\" height=\"88\" class=\"alignnone wp-image-854\" \/><\/a><a href=\"https:\/\/pictografica.es\/en\/contacto\/\"><img decoding=\"async\" src=\"https:\/\/pictografica.es\/wp-content\/uploads\/2022\/09\/TE-AYUDAMOS-15.svg\" alt=\"\" width=\"400\" height=\"101\" class=\"alignleft wp-image-833\" \/><\/a><a href=\"https:\/\/pictografica.es\/en\/cnc\/\"><img decoding=\"async\" src=\"https:\/\/pictografica.es\/wp-content\/uploads\/2022\/09\/HOME-PAGE-PICTOGRAFICA-TITULOS-13.svg\" alt=\"\" width=\"280\" height=\"92\" class=\"alignnone wp-image-797\" \/><\/a>","protected":false},"excerpt":{"rendered":"<p><strong>TARJETAS DE VISITA<\/strong><\/p>\n<p><span style=\"color: #ff0000;\"><strong>OPCIONES DE IMPRESION:<\/strong><\/span><br \/>\n<strong><span style=\"color: #000000;\">TAMA\u00d1OS: <\/span><\/strong>85 CM X 55 CM<br \/>\n<strong>IMPRESION:<\/strong> 1CARA &#8211; 2 CARAS<br \/>\n<strong>ACABADO:<\/strong> MATE O BRILLO<br \/>\n<strong>CANTIDADES:<\/strong> 250 &#8211; 500 &#8211; 1000- 2500 &#8211; 5000<\/p>","protected":false},"featured_media":3281,"comment_status":"open","ping_status":"closed","template":"","meta":{"inline_featured_image":false,"_joinchat":[]},"product_brand":[],"product_cat":[19],"product_tag":[],"class_list":{"0":"post-84","1":"product","2":"type-product","3":"status-publish","4":"has-post-thumbnail","6":"product_cat-impresion","8":"first","9":"instock","10":"taxable","11":"shipping-taxable","12":"purchasable","13":"product-type-variable"},"_links":{"self":[{"href":"https:\/\/pictografica.es\/en\/wp-json\/wp\/v2\/product\/84","targetHints":{"allow":["GET"]}}],"collection":[{"href":"https:\/\/pictografica.es\/en\/wp-json\/wp\/v2\/product"}],"about":[{"href":"https:\/\/pictografica.es\/en\/wp-json\/wp\/v2\/types\/product"}],"replies":[{"embeddable":true,"href":"https:\/\/pictografica.es\/en\/wp-json\/wp\/v2\/comments?post=84"}],"version-history":[{"count":5,"href":"https:\/\/pictografica.es\/en\/wp-json\/wp\/v2\/product\/84\/revisions"}],"predecessor-version":[{"id":4070,"href":"https:\/\/pictografica.es\/en\/wp-json\/wp\/v2\/product\/84\/revisions\/4070"}],"wp:featuredmedia":[{"embeddable":true,"href":"https:\/\/pictografica.es\/en\/wp-json\/wp\/v2\/media\/3281"}],"wp:attachment":[{"href":"https:\/\/pictografica.es\/en\/wp-json\/wp\/v2\/media?parent=84"}],"wp:term":[{"taxonomy":"product_brand","embeddable":true,"href":"https:\/\/pictografica.es\/en\/wp-json\/wp\/v2\/product_brand?post=84"},{"taxonomy":"product_cat","embeddable":true,"href":"https:\/\/pictografica.es\/en\/wp-json\/wp\/v2\/product_cat?post=84"},{"taxonomy":"product_tag","embeddable":true,"href":"https:\/\/pictografica.es\/en\/wp-json\/wp\/v2\/product_tag?post=84"}],"curies":[{"name":"wp","href":"https:\/\/api.w.org\/{rel}","templated":true}]}}